{"id":3,"date":"2023-11-22T02:57:14","date_gmt":"2023-11-22T01:57:14","guid":{"rendered":"https:\/\/mandaleflores.net\/?page_id=3"},"modified":"2024-01-21T12:49:45","modified_gmt":"2024-01-21T18:49:45","slug":"politica-privacidad","status":"publish","type":"page","link":"https:\/\/mandaleflores.online\/index.php\/politica-privacidad\/","title":{"rendered":"Pol\u00edtica de privacidad"},"content":{"rendered":"\n<h2 class=\"wp-block-heading\">Introducci\u00f3n<\/h2>\n\n\n\n<p>Este AVISO DE PRIVACIDAD, elaborado para dar cumplimiento a la LEY FEDERAL DE PROTECCI\u00d3N DE DATOS PERSONALES EN POSESI\u00d3N DE LOS PARTICULARES, tiene como fin informarle el tipo de datos personales que recabamos de usted, c\u00f3mo los usamos, manejamos y aprovechamos y con quien los compartimos.<\/p>\n\n\n\n<h2 class=\"wp-block-heading\"><strong>1.\u00bfQu\u00e9 datos personales recabamos de usted?<\/strong><\/h2>\n\n\n\n<p>Como prestatario de alguno de nuestros servicios le podemos solicitar informaci\u00f3n personal, que var\u00edan seg\u00fan el caso, relativa a:<\/p>\n\n\n\n<ul class=\"wp-block-list\">\n<li>Su nombre, nacionalidad, fecha y lugar de nacimiento, ocupaci\u00f3n y domicilio.<\/li>\n\n\n\n<li>Su direcci\u00f3n de correo electr\u00f3nico y n\u00famero(s) telef\u00f3nico(s).<\/li>\n\n\n\n<li>Sus datos patrimoniales como cuentas bancarias, cr\u00e9ditos, entre otros.<\/li>\n\n\n\n<li>Comprobantes oficiales que acrediten su identidad y la informaci\u00f3n que usted declara, as\u00ed\u00ad como su RFC.<\/li>\n<\/ul>\n\n\n\n<h2 class=\"wp-block-heading\"><strong>2. \u00bfPara qu\u00e9 usamos sus datos personales?<\/strong><\/h2>\n\n\n\n<p>En esta Florister\u00eda se recaban y usan sus datos personales para el cumplimiento de las siguientes finalidades:<\/p>\n\n\n\n<ul class=\"wp-block-list\">\n<li>Confirmar la prestaci\u00f3n de servicios.<\/li>\n\n\n\n<li>Entender y atender sus necesidades en materia de decoraci\u00f3n.<\/li>\n\n\n\n<li>Para facturaci\u00f3n.<\/li>\n\n\n\n<li>Para la prestaci\u00f3n del servicio en general.<\/li>\n<\/ul>\n\n\n\n<h2 class=\"wp-block-heading\"><strong>3. \u00bfCon qui\u00e9n compartimos su informaci\u00f3n y para qu\u00e9 fines?<\/strong><\/h2>\n\n\n\n<p>Sus datos personales no ser\u00e1n compartidos con ninguna dependencia o empresa p\u00fablica o privada, s\u00f3lo son tratados por el personal interno adscrito a esta Florister\u00eda, salvo para el cumplimiento de obligaciones legales ante las autoridades competentes, ya sean judiciales, administrativas y\/o tributarias.<\/p>\n\n\n\n<h2 class=\"wp-block-heading\"><strong>4. \u00bfC\u00f3mo puede limitar el uso o divulgaci\u00f3n de su informaci\u00f3n personal?<\/strong><\/h2>\n\n\n\n<p>Usted puede limitar el uso y divulgaci\u00f3n de la informaci\u00f3n personal que proporcione a esta Florister\u00eda a trav\u00e9s de los siguientes medios que hemos instrumentado:<\/p>\n\n\n\n<ul class=\"wp-block-list\">\n<li>Presentando su solicitud personalmente en nuestro domicilio dirigida a la persona encargada de la privacidad en esta Florer\u00eda.<\/li>\n\n\n\n<li>Enviando correo electr\u00f3nico a la siguiente direcci\u00f3n electr\u00f3nica: mandalefloresgeneral@gmail.com<\/li>\n\n\n\n<li>Llamando al n\u00famero telef\u00f3nico: 392922 0031<\/li>\n<\/ul>\n\n\n\n<h2 class=\"wp-block-heading\"><strong>5. \u00bfC\u00f3mo acceder, rectificar, cancelar u oponerse al tratamiento de sus datos personales?<\/strong><\/h2>\n\n\n\n<p>El ejercicio de los derechos de acceso, rectificaci\u00f3n, cancelaci\u00f3n y oposici\u00f3n o la revocaci\u00f3n del consentimiento podr\u00e1 efectuarse presentado solicitud por los medios antes indicados, en el entendido que una vez proporcionados o plasmados en un contrato de prestaci\u00f3n de servicios, no podr\u00e1 usted ejercer sobre ellos ninguno de los referidos derechos, pudiendo hacerlo solamente respecto de los que se conservan en la base de datos de la Florister\u00eda.<\/p>\n\n\n\n<h2 class=\"wp-block-heading\"><strong>6. \u00bfC\u00f3mo conocer los cambios al presente aviso de privacidad?<\/strong><\/h2>\n\n\n\n<p>El presente aviso de privacidad puede sufrir modificaciones, cambios o actualizaciones, mismas que podr\u00edan ser consultadas en nuestra p\u00e1gina de Internet www.mandaleflores.online o en nuestras oficinas.<\/p>\n\n\n\n<h2 class=\"wp-block-heading\"><strong>7. \u00bfC\u00f3mo contactarnos?<\/strong><\/h2>\n\n\n\n<p>Si usted tiene alguna duda sobre el presente aviso de privacidad, puede dirigirla a:<\/p>\n\n\n\n<ul class=\"wp-block-list\">\n<li>La direcci\u00f3n electr\u00f3nica mandalefloresgeneral@gmial.com<\/li>\n\n\n\n<li>La direcci\u00f3n de correo postal, dirigida a Erika N\u00e1poles N\u00e1poles.<\/li>\n\n\n\n<li>Con direcci\u00f3n en Calle Hidalgo #731,CP 47820, La Florida, Ocotl\u00e1n, Jalisco.<\/li>\n\n\n\n<li>Al tel\u00e9fono 392922 0031 responsable: Erika N\u00e1poles.<\/li>\n<\/ul>\n\n\n\n<p>Actualizaciones del aviso de privacidad \u00faltima revisi\u00f3n: enero 2024<\/p>\n","protected":false},"excerpt":{"rendered":"<p>Introducci\u00f3n Este AVISO DE PRIVACIDAD, elaborado para dar cumplimiento a la LEY FEDERAL DE PROTECCI\u00d3N DE DATOS PERSONALES EN POSESI\u00d3N DE LOS PARTICULARES, tiene como fin informarle el tipo de datos personales que recabamos de usted, c\u00f3mo los usamos, manejamos y aprovechamos y con quien los compartimos. 1.\u00bfQu\u00e9 datos personales recabamos de usted? Como prestatario [&hellip;]<\/p>\n","protected":false},"author":1,"featured_media":0,"parent":0,"menu_order":0,"comment_status":"closed","ping_status":"open","template":"","meta":{"_uag_custom_page_level_css":"","site-sidebar-layout":"default","site-content-layout":"","ast-site-content-layout":"default","site-content-style":"default","site-sidebar-style":"default","ast-global-header-display":"","ast-banner-title-visibility":"","ast-main-header-display":"","ast-hfb-above-header-display":"","ast-hfb-below-header-display":"","ast-hfb-mobile-header-display":"","site-post-title":"","ast-breadcrumbs-content":"","ast-featured-img":"","footer-sml-layout":"","theme-transparent-header-meta":"","adv-header-id-meta":"","stick-header-meta":"","header-above-stick-meta":"","header-main-stick-meta":"","header-below-stick-meta":"","astra-migrate-meta-layouts":"set","ast-page-background-enabled":"default","ast-page-background-meta":{"desktop":{"background-color":"","background-image":"","background-repeat":"repeat","background-position":"center center","background-size":"auto","background-attachment":"scroll","background-type":"","background-media":"","overlay-type":"","overlay-color":"","overlay-opacity":"","overlay-gradient":""},"tablet":{"background-color":"","background-image":"","background-repeat":"repeat","background-position":"center center","background-size":"auto","background-attachment":"scroll","background-type":"","background-media":"","overlay-type":"","overlay-color":"","overlay-opacity":"","overlay-gradient":""},"mobile":{"background-color":"","background-image":"","background-repeat":"repeat","background-position":"center center","background-size":"auto","background-attachment":"scroll","background-type":"","background-media":"","overlay-type":"","overlay-color":"","overlay-opacity":"","overlay-gradient":""}},"ast-content-background-meta":{"desktop":{"background-color":"var(--ast-global-color-5)","background-image":"","background-repeat":"repeat","background-position":"center center","background-size":"auto","background-attachment":"scroll","background-type":"","background-media":"","overlay-type":"","overlay-color":"","overlay-opacity":"","overlay-gradient":""},"tablet":{"background-color":"var(--ast-global-color-5)","background-image":"","background-repeat":"repeat","background-position":"center center","background-size":"auto","background-attachment":"scroll","background-type":"","background-media":"","overlay-type":"","overlay-color":"","overlay-opacity":"","overlay-gradient":""},"mobile":{"background-color":"var(--ast-global-color-5)","background-image":"","background-repeat":"repeat","background-position":"center center","background-size":"auto","background-attachment":"scroll","background-type":"","background-media":"","overlay-type":"","overlay-color":"","overlay-opacity":"","overlay-gradient":""}},"_joinchat":[],"footnotes":""},"class_list":["post-3","page","type-page","status-publish","hentry"],"uagb_featured_image_src":{"full":false,"thumbnail":false,"medium":false,"medium_large":false,"large":false,"1536x1536":false,"2048x2048":false,"woocommerce_thumbnail":false,"woocommerce_single":false,"woocommerce_gallery_thumbnail":false},"uagb_author_info":{"display_name":"hugozt101918","author_link":"https:\/\/mandaleflores.online\/index.php\/author\/hugozt101918\/"},"uagb_comment_info":0,"uagb_excerpt":"Introducci\u00f3n Este AVISO DE PRIVACIDAD, elaborado para dar cumplimiento a la LEY FEDERAL DE PROTECCI\u00d3N DE DATOS PERSONALES EN POSESI\u00d3N DE LOS PARTICULARES, tiene como fin informarle el tipo de datos personales que recabamos de usted, c\u00f3mo los usamos, manejamos y aprovechamos y con quien los compartimos. 1.\u00bfQu\u00e9 datos personales recabamos de usted? Como prestatario&hellip;","jetpack_sharing_enabled":true,"_links":{"self":[{"href":"https:\/\/mandaleflores.online\/index.php\/wp-json\/wp\/v2\/pages\/3","targetHints":{"allow":["GET"]}}],"collection":[{"href":"https:\/\/mandaleflores.online\/index.php\/wp-json\/wp\/v2\/pages"}],"about":[{"href":"https:\/\/mandaleflores.online\/index.php\/wp-json\/wp\/v2\/types\/page"}],"author":[{"embeddable":true,"href":"https:\/\/mandaleflores.online\/index.php\/wp-json\/wp\/v2\/users\/1"}],"replies":[{"embeddable":true,"href":"https:\/\/mandaleflores.online\/index.php\/wp-json\/wp\/v2\/comments?post=3"}],"version-history":[{"count":1,"href":"https:\/\/mandaleflores.online\/index.php\/wp-json\/wp\/v2\/pages\/3\/revisions"}],"predecessor-version":[{"id":1348,"href":"https:\/\/mandaleflores.online\/index.php\/wp-json\/wp\/v2\/pages\/3\/revisions\/1348"}],"wp:attachment":[{"href":"https:\/\/mandaleflores.online\/index.php\/wp-json\/wp\/v2\/media?parent=3"}],"curies":[{"name":"wp","href":"https:\/\/api.w.org\/{rel}","templated":true}]}}